{"id":20,"date":"2013-11-11T12:59:50","date_gmt":"2013-11-11T12:59:50","guid":{"rendered":"http:\/\/brf-ulla4.se\/?page_id=20"},"modified":"2025-10-10T10:30:58","modified_gmt":"2025-10-10T10:30:58","slug":"maklarinformation","status":"publish","type":"page","link":"http:\/\/brf-ulla4.se\/?page_id=20","title":{"rendered":"M\u00e4klarinformation"},"content":{"rendered":"<p>M\u00e4klarinformation<br \/>\nM\u00e4klare som har <a href=\"https:\/\/arbeitschreibenlassen.de\/facharbeit-schreiben\/\"><span data-sheets-root=\"1\">facharbeit schreiben lassen<\/span><\/a> uppdrag \u00e5t f\u00f6reningsmedlemmar att s\u00e4lja objekt i Brf Ulla 4 kan hitta alla n\u00f6dv\u00e4ndig information p\u00e5 denna sida.<\/p>\n<p>Brf Ulla 4 bildades <a href=\"https:\/\/seminararbeitghostwriter.com\/\"><span data-sheets-root=\"1\">ghostwriter seminararbeit<\/span><\/a> i december 2008 d\u00e5 f\u00f6reningen k\u00f6pte fastigheten av Nordea Livsf\u00f6rs\u00e4kringar i Sverige AB.<\/p>\n<p>F\u00f6reningen \u00e4r ett privatbostadsf\u00f6retag (sk. \u00e4kta bostadsr\u00e4ttsf\u00f6rening).<\/p>\n<p>Handelsbanken, Fridhem, \u00e4r Brf Ulla 4s l\u00e5ngivare och kapitalf\u00f6rvaltare.<\/p>\n<p>SBC svarar f\u00f6r f\u00f6reningens ekonomiska f\u00f6rvaltning samt har hand om teknik och fastighetssk\u00f6tsel,<\/p>\n<p>I fastigheten finns ett lokalt bredbandsn\u00e4t indraget. I varje l\u00e4genhet finns ett separat bredbandsuttag. ComHem Sverige AB sk\u00f6ter drift och support av n\u00e4tet och svarar f\u00f6r distribution av Kabel-TV i fastigheten.<\/p>\n<p>F\u00f6reningen har <a href=\"https:\/\/ghostwriting365.de\/\"><span data-sheets-root=\"1\">ghostwriter agentur<\/span> <\/a>genomf\u00f6rt energideklaration under 2008..<\/p>\n<p>Redovisnings\u00e5r = kalender\u00e5r. Ordinarie st\u00e4mma h\u00e5lls i maj\/juni.<\/p>\n<p>V\u00e5r fastigheten stod klar \u00e5r 1964 <a href=\"http:\/\/hausarbeiten-schreiben.com\/\"><span data-sheets-root=\"1\">hausarbeit ghostwriter<\/span><\/a> och \u00e4r bebyggd med (1) ett gathus sammanlagt med (1) ett trapphus med (25) tjugofem l\u00e4genheter p\u00e5 (5) fem v\u00e5ningar. I huset finns (2) tv\u00e5 lokal samt (25) tjugofem parkeringsplatser f\u00f6r bilar samt (4) fyra f\u00f6r motorcyklar. En bostadsyta p\u00e5 1878 m\u00b2 och en tomtareal p\u00e5 1209 m\u00b2.<\/p>\n<p>F\u00f6reningen uppl\u00e5ter (22) tjugotv\u00e5 l\u00e4genheter med bostadsr\u00e4tt samt (3) tre l\u00e4genheter och (2) tv\u00e5 lokaler med hyresr\u00e4tt.<\/p>\n<p>Taxerings\u00e5r 2019.<br \/>\nTaxeringsv\u00e4rdet: 39 038 000 SEK<br \/>\nD\u00e4rav byggnadsv\u00e4rde: 20\u00a0 315 000 SEK <a href=\"https:\/\/ghostwritinghausarbeiten.de\/\"><span data-sheets-root=\"1\">hausarbeit schreiben lassen<\/span><\/a><br \/>\nD\u00e4rav markv\u00e4rde: 18 723 000 SEK<\/p>\n<p>Uppv\u00e4rmning i fastigheten \u00e4r fj\u00e4rrv\u00e4rme.<\/p>\n<p>Pants\u00e4ttning och \u00f6verl\u00e5telseavtal<br \/>\nKontakta oss, g\u00e4rna per e-post , f\u00f6r att h\u00f6ra om l\u00e4genheten \u00e4r pantsatt.<\/p>\n<p>Juridisk person <span data-sheets-root=\"1\"><a class=\"in-cell-link\" href=\"https:\/\/ghostwriting-hausarbeiten.com\/\" target=\"_blank\" rel=\"noopener\">ghostwriting-hausarbeiten.com<\/a><\/span> beviljas inte intr\u00e4de i f\u00f6reningen.<\/p>\n<p>En k\u00f6pare av en bostadsr\u00e4tt ska sj\u00e4lv bebo bostadsr\u00e4tten om inget annat har avtalats.<\/p>\n<p>N\u00e4r kontrakt har <a href=\"https:\/\/premium-akadeule.de\/\"><span data-sheets-root=\"1\">akademischer ghostwriter<\/span><\/a> skrivits ska en kopia skickas till oss p\u00e5 adressen: Brf Ulla T\u00e4rningholmsgatan 7, 214 44 Malm\u00f6. N\u00e4r vi mottagit intr\u00e4desans\u00f6kan och \u00f6verl\u00e5telseavtal kommer vi att g\u00e5 igenom den s\u00f6kandes ans\u00f6kan och kontakta k\u00f6paren f\u00f6r ett m\u00f6te med styrelsen. M\u00f6te avtalas inom en m\u00e5nad fr\u00e5n mottagen ans\u00f6kan. Godk\u00e4nnande av medlemskap kommer inte att behandlas tidigare \u00e4n s\u00e5.<\/p>\n<p>H\u00e4r kan du ladda ner: <a href=\"https:\/\/premiumghostwriter.de\/preise\/\"><span data-sheets-root=\"1\">ghostwriting kosten<\/span><\/a><\/p>\n<p><a href=\"http:\/\/media.brf-ulla4.se\/2019\/05\/Stadgar-2018.doc.pdf\">Stadgar<\/a><br \/>\n<a href=\"http:\/\/media.brf-ulla4.se\/2023\/08\/Trivselregler_Ordningsregler_Brf-Ulla-4-2019-MAG20200320.docx\">Trivsel &amp; ordningsregler<\/a><br \/>\n<a href=\"http:\/\/Trivselregler G\u00e5rd\">Trivselregler G\u00e5rd\u00a0<\/a><br \/>\n<a href=\"http:\/\/brf.sbc.se\/UserFiles\/7321\/File\/rsredovisning%202011.pdf\" target=\"_blank\" rel=\"noopener noreferrer\">\u00c5rsrapport 2011<br \/>\n<\/a><a href=\"http:\/\/media.brf-ulla4.se\/2017\/03\/\u00c5rsredovisning-2012.pdf\">\u00c5rsredovisning 2012<\/a><a href=\"http:\/\/brf.sbc.se\/UserFiles\/7321\/File\/rsredovisning%202011.pdf\" target=\"_blank\" rel=\"noopener noreferrer\"><br \/>\n<\/a><a href=\"http:\/\/media.brf-ulla4.se\/2013\/11\/\u00c5rsredovisning-2013.pdf\">\u00c5rsredovisning 2013<br \/>\n<\/a><a href=\"http:\/\/media.brf-ulla4.se\/2015\/06\/\u00c5R-p\u00e5skriven_2014.pdf\" target=\"_blank\" rel=\"noopener noreferrer\">\u00c5rsredovisning 2014<br \/>\n<\/a><a href=\"http:\/\/media.brf-ulla4.se\/2016\/11\/\u00c5rsredovisning-2015.pdf\" target=\"_blank\" rel=\"noopener noreferrer\">\u00c5rsredovisning-2015<br \/>\n<\/a><a href=\"http:\/\/media.brf-ulla4.se\/2017\/06\/\u00c5rsredovisning-2016.pdf\">\u00c5rsredovisning 2016<br \/>\n<\/a><a href=\"http:\/\/media.brf-ulla4.se\/2019\/05\/\u00c5rsredovisning-2017.pdf\">\u00c5rsredovisning 2017<\/a><a href=\"http:\/\/media.brf-ulla4.se\/2017\/06\/\u00c5rsredovisning-2016.pdf\"><br \/>\n<\/a><a href=\"http:\/\/media.brf-ulla4.se\/2019\/05\/\u00c5rsredovisning-2018.pdf\">\u00c5rsredovisning 2018<\/a><br \/>\n<a href=\"http:\/\/media.brf-ulla4.se\/2020\/04\/\u00c5rsredovisning-2019.pdf\">\u00c5rsredovisning 2019<\/a><br \/>\n<a href=\"http:\/\/media.brf-ulla4.se\/2021\/05\/\u00c5rsredovisning-2020.pdf\" target=\"_blank\" rel=\"noopener noreferrer\">\u00c5rsredovisning 2020<\/a><br \/>\n<a href=\"http:\/\/media.brf-ulla4.se\/2022\/11\/Arsredovisning-2021.pdf\">\u00c5rsredovisning 2021<\/a><br \/>\n<a href=\"http:\/\/media.brf-ulla4.se\/2022\/11\/Arsredovisning-2021.pdf\">\u00c5rsredovisning 2022<\/a><\/p>\n<div style=\"overflow: hidden; height: 1px;\"><a href=\"https:\/\/potensmedel-apoteket.se\/kvinnor-lovegra-utan-recept-fritt\/\" rel=\"nofollow\">https:\/\/potensmedel-apoteket.se\/kvinnor-lovegra-utan-recept-fritt\/<\/a><\/div>\n","protected":false},"excerpt":{"rendered":"<p>M\u00e4klarinformation M\u00e4klare som har facharbeit schreiben lassen uppdrag \u00e5t f\u00f6reningsmedlemmar att s\u00e4lja objekt i Brf Ulla 4 kan hitta alla n\u00f6dv\u00e4ndig information p\u00e5 denna sida. Brf Ulla 4 bildades ghostwriter seminararbeit i december 2008 d\u00e5 f\u00f6reningen k\u00f6pte fastigheten av Nordea Livsf\u00f6rs\u00e4kringar i Sverige AB. F\u00f6reningen \u00e4r ett privatbostadsf\u00f6retag (sk. \u00e4kta bostadsr\u00e4ttsf\u00f6rening). Handelsbanken, Fridhem, \u00e4r Brf &hellip; <a href=\"http:\/\/brf-ulla4.se\/?page_id=20\" class=\"more-link\">Forts\u00e4tt l\u00e4sa <span class=\"screen-reader-text\">M\u00e4klarinformation<\/span> <span class=\"meta-nav\">&rarr;<\/span><\/a><\/p>\n","protected":false},"author":4,"featured_media":0,"parent":0,"menu_order":0,"comment_status":"closed","ping_status":"open","template":"","meta":{"footnotes":""},"_links":{"self":[{"href":"http:\/\/brf-ulla4.se\/index.php?rest_route=\/wp\/v2\/pages\/20"}],"collection":[{"href":"http:\/\/brf-ulla4.se\/index.php?rest_route=\/wp\/v2\/pages"}],"about":[{"href":"http:\/\/brf-ulla4.se\/index.php?rest_route=\/wp\/v2\/types\/page"}],"author":[{"embeddable":true,"href":"http:\/\/brf-ulla4.se\/index.php?rest_route=\/wp\/v2\/users\/4"}],"replies":[{"embeddable":true,"href":"http:\/\/brf-ulla4.se\/index.php?rest_route=%2Fwp%2Fv2%2Fcomments&post=20"}],"version-history":[{"count":43,"href":"http:\/\/brf-ulla4.se\/index.php?rest_route=\/wp\/v2\/pages\/20\/revisions"}],"predecessor-version":[{"id":428937,"href":"http:\/\/brf-ulla4.se\/index.php?rest_route=\/wp\/v2\/pages\/20\/revisions\/428937"}],"wp:attachment":[{"href":"http:\/\/brf-ulla4.se\/index.php?rest_route=%2Fwp%2Fv2%2Fmedia&parent=20"}],"curies":[{"name":"wp","href":"https:\/\/api.w.org\/{rel}","templated":true}]}}